{"id":11499,"date":"2026-02-01T14:21:41","date_gmt":"2026-02-01T14:21:41","guid":{"rendered":"https:\/\/gadoholandes.com\/jornal\/?page_id=11499"},"modified":"2026-02-01T14:26:36","modified_gmt":"2026-02-01T14:26:36","slug":"eventos-2026","status":"publish","type":"page","link":"https:\/\/gadoholandes.com\/jornal\/eventos-2026\/","title":{"rendered":"EVENTOS 2026"},"content":{"rendered":"\n<p><em>Marque na agenda e prestigie os v\u00e1rios encontros da ra\u00e7a Holandesa em Minas Gerais!<\/em><\/p>\n\n\n\n<p><strong>08 A 11 DE ABRIL DE 2026<\/strong><br>CONFER\u00caNCIA DE JULGAMENTO DE GADO HOLAND\u00caS<br>Fazenda Barreiro Alto \u2013 Sete Lagoas\/MG<\/p>\n\n\n\n<p><strong>20 A 24 DE MAIO DE 2026<\/strong><br>EXPOSI\u00c7\u00c3O DE BARBACENA<br>Barbacena\/MG<\/p>\n\n\n\n<p><strong>23 DE MAIO DE 2026<\/strong><br>MELHORES DE MINAS<br>Tiradentes\/MG<\/p>\n\n\n\n<p><strong>02 A 06 DE JUNHO DE 2026<\/strong><br>MEGALEITE<br>Belo Horizonte\/MG<\/p>\n\n\n\n<p><strong>08 A 13 DE SETEMBRO DE 2026<\/strong><br>EXPHOMIG<br>Itanhandu\/MG<\/p>\n\n\n\n<hr class=\"wp-block-separator has-alpha-channel-opacity\"\/>\n\n\n\n<p class=\"has-luminous-vivid-orange-color has-text-color has-link-color wp-elements-f82b365f3c79072cbae5f79ab23929fc\"><strong><a href=\"https:\/\/gadoholandes.com\/jornal\/wp-content\/uploads\/2025\/01\/MUDANCA-ADMISSAO-ANIMAIS-2025.pdf\" target=\"_blank\" rel=\"noreferrer noopener\">ATEN\u00c7\u00c3O | MUDAN\u00c7A NA ADMISS\u00c3O DOS ANIMAIS<\/a><\/strong><\/p>\n\n\n\n<hr class=\"wp-block-separator has-alpha-channel-opacity\"\/>\n\n\n\n<p class=\"has-medium-font-size\"><strong><a href=\"https:\/\/gadoholandes.com\/jornal\/exposicoes-2\/\" data-type=\"page\" data-id=\"6386\" target=\"_blank\" rel=\"noreferrer noopener\">FIQUE POR DENTRO DO RESULTADO DAS EXPOSI\u00c7\u00d5ES DE 2025<\/a><\/strong><\/p>\n\n\n\n<p><\/p>\n","protected":false},"excerpt":{"rendered":"<p>Marque na agenda e prestigie os v\u00e1rios encontros da ra\u00e7a Holandesa em Minas Gerais! 08 A 11 DE ABRIL DE 2026CONFER\u00caNCIA DE JULGAMENTO DE GADO HOLAND\u00caSFazenda Barreiro Alto \u2013 Sete Lagoas\/MG 20 A 24 DE MAIO DE 2026EXPOSI\u00c7\u00c3O DE BARBACENABarbacena\/MG 23 DE MAIO DE 2026MELHORES DE MINASTiradentes\/MG 02 A 06 DE JUNHO DE 2026MEGALEITEBelo Horizonte\/MG [&hellip;]<\/p>\n","protected":false},"author":2,"featured_media":0,"parent":0,"menu_order":0,"comment_status":"closed","ping_status":"closed","template":"","meta":{"footnotes":""},"class_list":["post-11499","page","type-page","status-publish","hentry"],"_links":{"self":[{"href":"https:\/\/gadoholandes.com\/jornal\/wp-json\/wp\/v2\/pages\/11499","targetHints":{"allow":["GET"]}}],"collection":[{"href":"https:\/\/gadoholandes.com\/jornal\/wp-json\/wp\/v2\/pages"}],"about":[{"href":"https:\/\/gadoholandes.com\/jornal\/wp-json\/wp\/v2\/types\/page"}],"author":[{"embeddable":true,"href":"https:\/\/gadoholandes.com\/jornal\/wp-json\/wp\/v2\/users\/2"}],"replies":[{"embeddable":true,"href":"https:\/\/gadoholandes.com\/jornal\/wp-json\/wp\/v2\/comments?post=11499"}],"version-history":[{"count":4,"href":"https:\/\/gadoholandes.com\/jornal\/wp-json\/wp\/v2\/pages\/11499\/revisions"}],"predecessor-version":[{"id":11505,"href":"https:\/\/gadoholandes.com\/jornal\/wp-json\/wp\/v2\/pages\/11499\/revisions\/11505"}],"wp:attachment":[{"href":"https:\/\/gadoholandes.com\/jornal\/wp-json\/wp\/v2\/media?parent=11499"}],"curies":[{"name":"wp","href":"https:\/\/api.w.org\/{rel}","templated":true}]}}