{"id":6386,"date":"2019-01-18T12:33:30","date_gmt":"2019-01-18T12:33:30","guid":{"rendered":"https:\/\/gadoholandes.com\/jornal\/?page_id=6386"},"modified":"2025-11-18T12:34:54","modified_gmt":"2025-11-18T12:34:54","slug":"exposicoes-2","status":"publish","type":"page","link":"https:\/\/gadoholandes.com\/jornal\/exposicoes-2\/","title":{"rendered":"EXPOSI\u00c7\u00d5ES 2025"},"content":{"rendered":"\n<p><strong>56a EXPO BARBACENA 2025<\/strong><br>12 A 18 DE MAIO DE 2025 | BARBACENA | MG<br><strong><a href=\"https:\/\/gadoholandes.com\/jornal\/wp-content\/uploads\/2025\/07\/RESULTADO-GERAL-EXPOSICAO-BARBACENA-2025.pdf\" target=\"_blank\" rel=\"noreferrer noopener\">RESULTADO COMPLETO<\/a><\/strong><\/p>\n\n\n\n<hr class=\"wp-block-separator has-alpha-channel-opacity\"\/>\n\n\n\n<p><strong>MEGALEITE 2025<\/strong><br>10 A 14 DE JUNHO DE 2025 | BELO HORIZONTE | MG<br><strong><a href=\"https:\/\/gadoholandes.com\/jornal\/wp-content\/uploads\/2025\/07\/RESULTADO-COMPLETO-MEGALEITE-2025.pdf\" target=\"_blank\" rel=\"noreferrer noopener\">RESULTADO COMPLETO<\/a><\/strong><\/p>\n\n\n\n<hr class=\"wp-block-separator has-alpha-channel-opacity\"\/>\n\n\n\n<p class=\"has-black-color has-text-color\"><strong>EXPHOMIG 2025<br><\/strong>9 A 13 DE SETEMBRO DE 2025<br>ITANHANDU | MG<br><strong><a href=\"https:\/\/gadoholandes.com\/jornal\/agenda\/exphomig-2025-o-show-do-leite\/2025\/10\/\" target=\"_blank\" rel=\"noreferrer noopener\">RESULTADO COMPLETO<\/a><\/strong><\/p>\n\n\n\n<hr class=\"wp-block-separator has-alpha-channel-opacity\"\/>\n\n\n\n<p class=\"has-luminous-vivid-orange-color has-text-color has-link-color has-medium-font-size wp-elements-5675bb9dd87eaae7d58accb375044861\"><strong><a href=\"https:\/\/gadoholandes.com\/jornal\/wp-content\/uploads\/2025\/01\/MUDANCA-ADMISSAO-ANIMAIS-2025.pdf\" target=\"_blank\" rel=\"noreferrer noopener\">ATEN\u00c7\u00c3O | MUDAN\u00c7A NA ADMISS\u00c3O DOS ANIMAIS<\/a><\/strong><\/p>\n\n\n\n<hr class=\"wp-block-separator has-alpha-channel-opacity\"\/>\n\n\n\n<h3 class=\"wp-block-heading\"><a href=\"https:\/\/gadoholandes.com\/jornal\/wp-content\/uploads\/2025\/01\/REGULAMENTO-EXPOSICAO-2025.pdf\" target=\"_blank\" rel=\"noreferrer noopener\">REGULAMENTO OFICIAL DAS EXPOSI\u00c7\u00d5ES DA RA\u00c7A HOLANDESA 2025<\/a><\/h3>\n\n\n\n<hr class=\"wp-block-separator has-alpha-channel-opacity\"\/>\n","protected":false},"excerpt":{"rendered":"<p>56a EXPO BARBACENA 202512 A 18 DE MAIO DE 2025 | BARBACENA | MGRESULTADO COMPLETO MEGALEITE 202510 A 14 DE JUNHO DE 2025 | BELO HORIZONTE | MGRESULTADO COMPLETO EXPHOMIG 20259 A 13 DE SETEMBRO DE 2025ITANHANDU | MGRESULTADO COMPLETO ATEN\u00c7\u00c3O | MUDAN\u00c7A NA ADMISS\u00c3O DOS ANIMAIS REGULAMENTO OFICIAL DAS EXPOSI\u00c7\u00d5ES DA RA\u00c7A HOLANDESA 2025<\/p>\n","protected":false},"author":2,"featured_media":0,"parent":0,"menu_order":0,"comment_status":"closed","ping_status":"closed","template":"","meta":{"footnotes":""},"class_list":["post-6386","page","type-page","status-publish","hentry"],"_links":{"self":[{"href":"https:\/\/gadoholandes.com\/jornal\/wp-json\/wp\/v2\/pages\/6386","targetHints":{"allow":["GET"]}}],"collection":[{"href":"https:\/\/gadoholandes.com\/jornal\/wp-json\/wp\/v2\/pages"}],"about":[{"href":"https:\/\/gadoholandes.com\/jornal\/wp-json\/wp\/v2\/types\/page"}],"author":[{"embeddable":true,"href":"https:\/\/gadoholandes.com\/jornal\/wp-json\/wp\/v2\/users\/2"}],"replies":[{"embeddable":true,"href":"https:\/\/gadoholandes.com\/jornal\/wp-json\/wp\/v2\/comments?post=6386"}],"version-history":[{"count":93,"href":"https:\/\/gadoholandes.com\/jornal\/wp-json\/wp\/v2\/pages\/6386\/revisions"}],"predecessor-version":[{"id":11333,"href":"https:\/\/gadoholandes.com\/jornal\/wp-json\/wp\/v2\/pages\/6386\/revisions\/11333"}],"wp:attachment":[{"href":"https:\/\/gadoholandes.com\/jornal\/wp-json\/wp\/v2\/media?parent=6386"}],"curies":[{"name":"wp","href":"https:\/\/api.w.org\/{rel}","templated":true}]}}